{"id":21,"date":"2019-03-20T01:13:26","date_gmt":"2019-03-20T01:13:26","guid":{"rendered":"https:\/\/ontracrentacar.com\/pt\/?page_id=21"},"modified":"2022-11-02T15:06:45","modified_gmt":"2022-11-02T15:06:45","slug":"contate-nos","status":"publish","type":"page","link":"https:\/\/ontracrentacar.com\/pt\/contate-nos\/","title":{"rendered":"Contate-nos"},"content":{"rendered":"<p style=\"text-align: center;\"><strong>Estamos aqui para ajudar, entre em contato conosco para todas as suas necessidades e perguntas.<\/strong><\/p>\n<p style=\"text-align: center;\">Contate-nos diretamente por telefone ou pelo WhatsApp +1 (786) 300 8181 \/ +1 (305) 613 6119 ou via e-mail <a href=\"&#109;&#097;&#105;&#108;t&#111;:res&#101;&#114;va&#115;&#064;&#111;nt&#114;a&#099;&#114;e&#110;tac&#097;r.&#099;&#111;m\">reservas@ontracrentacar.com<\/a><\/p>\n","protected":false},"excerpt":{"rendered":"<p>Estamos aqui para ajudar, entre em contato conosco para todas as suas necessidades e perguntas. Contate-nos diretamente por telefone ou pelo WhatsApp +1 (786) 300 8181 \/ +1 (305) 613 6119 ou via e-mail<\/p>\n","protected":false},"author":1,"featured_media":0,"parent":0,"menu_order":0,"comment_status":"closed","ping_status":"closed","template":"contact-us.php","meta":{"footnotes":""},"acf":[],"yoast_head":"<!-- This site is optimized with the Yoast SEO plugin v21.6 - https:\/\/yoast.com\/wordpress\/plugins\/seo\/ -->\n<title>Contate-nos - OnTrac Rent a Car em portugues<\/title>\n<meta name=\"robots\" content=\"index, follow, max-snippet:-1, max-image-preview:large, max-video-preview:-1\" \/>\n<link rel=\"canonical\" href=\"https:\/\/ontracrentacar.com\/pt\/contate-nos\/\" \/>\n<meta property=\"og:locale\" content=\"pt_BR\" \/>\n<meta property=\"og:type\" content=\"article\" \/>\n<meta property=\"og:title\" content=\"Contate-nos - OnTrac Rent a Car em portugues\" \/>\n<meta property=\"og:description\" content=\"Estamos aqui para ajudar, entre em contato conosco para todas as suas necessidades e perguntas. Contate-nos diretamente por telefone ou pelo WhatsApp +1 (786) 300 8181 \/ +1 (305) 613 6119 ou via e-mail\" \/>\n<meta property=\"og:url\" content=\"https:\/\/ontracrentacar.com\/pt\/contate-nos\/\" \/>\n<meta property=\"og:site_name\" content=\"OnTrac Rent a Car em portugues\" \/>\n<meta property=\"article:modified_time\" content=\"2022-11-02T15:06:45+00:00\" \/>\n<meta name=\"twitter:card\" content=\"summary_large_image\" \/>\n<meta name=\"twitter:label1\" content=\"Est. tempo de leitura\" \/>\n\t<meta name=\"twitter:data1\" content=\"1 minuto\" \/>\n<script type=\"application\/ld+json\" class=\"yoast-schema-graph\">{\"@context\":\"https:\/\/schema.org\",\"@graph\":[{\"@type\":\"WebPage\",\"@id\":\"https:\/\/ontracrentacar.com\/pt\/contate-nos\/\",\"url\":\"https:\/\/ontracrentacar.com\/pt\/contate-nos\/\",\"name\":\"Contate-nos - OnTrac Rent a Car em portugues\",\"isPartOf\":{\"@id\":\"https:\/\/ontracrentacar.com\/pt\/#website\"},\"datePublished\":\"2019-03-20T01:13:26+00:00\",\"dateModified\":\"2022-11-02T15:06:45+00:00\",\"breadcrumb\":{\"@id\":\"https:\/\/ontracrentacar.com\/pt\/contate-nos\/#breadcrumb\"},\"inLanguage\":\"pt-BR\",\"potentialAction\":[{\"@type\":\"ReadAction\",\"target\":[\"https:\/\/ontracrentacar.com\/pt\/contate-nos\/\"]}]},{\"@type\":\"BreadcrumbList\",\"@id\":\"https:\/\/ontracrentacar.com\/pt\/contate-nos\/#breadcrumb\",\"itemListElement\":[{\"@type\":\"ListItem\",\"position\":1,\"name\":\"Home\",\"item\":\"https:\/\/ontracrentacar.com\/pt\/\"},{\"@type\":\"ListItem\",\"position\":2,\"name\":\"Contate-nos\"}]},{\"@type\":\"WebSite\",\"@id\":\"https:\/\/ontracrentacar.com\/pt\/#website\",\"url\":\"https:\/\/ontracrentacar.com\/pt\/\",\"name\":\"OnTrac Rent a Car em portugues\",\"description\":\"Aluguel de carros - Compara\u00e7\u00e3o de pre\u00e7os - As melhores marcas e pre\u00e7os\",\"publisher\":{\"@id\":\"https:\/\/ontracrentacar.com\/pt\/#organization\"},\"potentialAction\":[{\"@type\":\"SearchAction\",\"target\":{\"@type\":\"EntryPoint\",\"urlTemplate\":\"https:\/\/ontracrentacar.com\/pt\/?s={search_term_string}\"},\"query-input\":\"required name=search_term_string\"}],\"inLanguage\":\"pt-BR\"},{\"@type\":\"Organization\",\"@id\":\"https:\/\/ontracrentacar.com\/pt\/#organization\",\"name\":\"OnTrac Rent a Car em portugues\",\"url\":\"https:\/\/ontracrentacar.com\/pt\/\",\"logo\":{\"@type\":\"ImageObject\",\"inLanguage\":\"pt-BR\",\"@id\":\"https:\/\/ontracrentacar.com\/pt\/#\/schema\/logo\/image\/\",\"url\":\"https:\/\/ontracrentacar.com\/pt\/wp-content\/uploads\/sites\/4\/2021\/11\/Logo_Ontrac_TM_WHITE.svg\",\"contentUrl\":\"https:\/\/ontracrentacar.com\/pt\/wp-content\/uploads\/sites\/4\/2021\/11\/Logo_Ontrac_TM_WHITE.svg\",\"width\":801,\"height\":318,\"caption\":\"OnTrac Rent a Car em portugues\"},\"image\":{\"@id\":\"https:\/\/ontracrentacar.com\/pt\/#\/schema\/logo\/image\/\"}}]}<\/script>\n<!-- \/ Yoast SEO plugin. -->","yoast_head_json":{"title":"Contate-nos - OnTrac Rent a Car em portugues","robots":{"index":"index","follow":"follow","max-snippet":"max-snippet:-1","max-image-preview":"max-image-preview:large","max-video-preview":"max-video-preview:-1"},"canonical":"https:\/\/ontracrentacar.com\/pt\/contate-nos\/","og_locale":"pt_BR","og_type":"article","og_title":"Contate-nos - OnTrac Rent a Car em portugues","og_description":"Estamos aqui para ajudar, entre em contato conosco para todas as suas necessidades e perguntas. Contate-nos diretamente por telefone ou pelo WhatsApp +1 (786) 300 8181 \/ +1 (305) 613 6119 ou via e-mail","og_url":"https:\/\/ontracrentacar.com\/pt\/contate-nos\/","og_site_name":"OnTrac Rent a Car em portugues","article_modified_time":"2022-11-02T15:06:45+00:00","twitter_card":"summary_large_image","twitter_misc":{"Est. tempo de leitura":"1 minuto"},"schema":{"@context":"https:\/\/schema.org","@graph":[{"@type":"WebPage","@id":"https:\/\/ontracrentacar.com\/pt\/contate-nos\/","url":"https:\/\/ontracrentacar.com\/pt\/contate-nos\/","name":"Contate-nos - OnTrac Rent a Car em portugues","isPartOf":{"@id":"https:\/\/ontracrentacar.com\/pt\/#website"},"datePublished":"2019-03-20T01:13:26+00:00","dateModified":"2022-11-02T15:06:45+00:00","breadcrumb":{"@id":"https:\/\/ontracrentacar.com\/pt\/contate-nos\/#breadcrumb"},"inLanguage":"pt-BR","potentialAction":[{"@type":"ReadAction","target":["https:\/\/ontracrentacar.com\/pt\/contate-nos\/"]}]},{"@type":"BreadcrumbList","@id":"https:\/\/ontracrentacar.com\/pt\/contate-nos\/#breadcrumb","itemListElement":[{"@type":"ListItem","position":1,"name":"Home","item":"https:\/\/ontracrentacar.com\/pt\/"},{"@type":"ListItem","position":2,"name":"Contate-nos"}]},{"@type":"WebSite","@id":"https:\/\/ontracrentacar.com\/pt\/#website","url":"https:\/\/ontracrentacar.com\/pt\/","name":"OnTrac Rent a Car em portugues","description":"Aluguel de carros - Compara\u00e7\u00e3o de pre\u00e7os - As melhores marcas e pre\u00e7os","publisher":{"@id":"https:\/\/ontracrentacar.com\/pt\/#organization"},"potentialAction":[{"@type":"SearchAction","target":{"@type":"EntryPoint","urlTemplate":"https:\/\/ontracrentacar.com\/pt\/?s={search_term_string}"},"query-input":"required name=search_term_string"}],"inLanguage":"pt-BR"},{"@type":"Organization","@id":"https:\/\/ontracrentacar.com\/pt\/#organization","name":"OnTrac Rent a Car em portugues","url":"https:\/\/ontracrentacar.com\/pt\/","logo":{"@type":"ImageObject","inLanguage":"pt-BR","@id":"https:\/\/ontracrentacar.com\/pt\/#\/schema\/logo\/image\/","url":"https:\/\/ontracrentacar.com\/pt\/wp-content\/uploads\/sites\/4\/2021\/11\/Logo_Ontrac_TM_WHITE.svg","contentUrl":"https:\/\/ontracrentacar.com\/pt\/wp-content\/uploads\/sites\/4\/2021\/11\/Logo_Ontrac_TM_WHITE.svg","width":801,"height":318,"caption":"OnTrac Rent a Car em portugues"},"image":{"@id":"https:\/\/ontracrentacar.com\/pt\/#\/schema\/logo\/image\/"}}]}},"_links":{"self":[{"href":"https:\/\/ontracrentacar.com\/pt\/wp-json\/wp\/v2\/pages\/21"}],"collection":[{"href":"https:\/\/ontracrentacar.com\/pt\/wp-json\/wp\/v2\/pages"}],"about":[{"href":"https:\/\/ontracrentacar.com\/pt\/wp-json\/wp\/v2\/types\/page"}],"author":[{"embeddable":true,"href":"https:\/\/ontracrentacar.com\/pt\/wp-json\/wp\/v2\/users\/1"}],"replies":[{"embeddable":true,"href":"https:\/\/ontracrentacar.com\/pt\/wp-json\/wp\/v2\/comments?post=21"}],"version-history":[{"count":10,"href":"https:\/\/ontracrentacar.com\/pt\/wp-json\/wp\/v2\/pages\/21\/revisions"}],"predecessor-version":[{"id":623,"href":"https:\/\/ontracrentacar.com\/pt\/wp-json\/wp\/v2\/pages\/21\/revisions\/623"}],"wp:attachment":[{"href":"https:\/\/ontracrentacar.com\/pt\/wp-json\/wp\/v2\/media?parent=21"}],"curies":[{"name":"wp","href":"https:\/\/api.w.org\/{rel}","templated":true}]}}