{"id":19,"date":"2019-03-20T01:13:14","date_gmt":"2019-03-20T01:13:14","guid":{"rendered":"https:\/\/ontracrentacar.com\/pt\/?page_id=19"},"modified":"2022-11-02T15:36:27","modified_gmt":"2022-11-02T15:36:27","slug":"politica-de-privacidade","status":"publish","type":"page","link":"https:\/\/ontracrentacar.com\/pt\/politica-de-privacidade\/","title":{"rendered":"Pol\u00edtica de Privacidade"},"content":{"rendered":"<h3>Privacidade<\/h3>\n<p>A ONTRAC Rent a Car acredita que a sua privacidade deve ser protegida. Respeitamos a privacidade dos nossos clientes e por isso N\u00c3O vendemos nem alugamos qualquer informa\u00e7\u00e3o coletada atrav\u00e9s de nosso site a terceiros.<br \/>\nDados sens\u00edveis, por exemplo, dados pessoais e informa\u00e7\u00f5es de cart\u00e3o de cr\u00e9dito que recebemos dos clientes, s\u00e3o criptografados e protegidos para uso na Internet. Devido a esta prote\u00e7\u00e3o, n\u00e3o podem ser lidos por terceiros. A ONTRAC Rent a Car n\u00e3o armazena detalhes de cart\u00f5es de cr\u00e9dito. Se voc\u00ea optar por pagar pelo servi\u00e7o usando um cart\u00e3o de cr\u00e9dito, n\u00e3o armazenaremos os detalhes do mesmo.<\/p>\n<h3>Cookies<\/h3>\n<p>Para melhorar nosso servi\u00e7o e o site, podemos usar um dispositivo conhecido como cookie. Alguns cookies s\u00e3o estritamente necess\u00e1rios para que o site funcione corretamente e outros foram instalados para melhorar a efici\u00eancia de nosso site, bem como a experi\u00eancia do usu\u00e1rio. A ONTRAC Rent a Car emprega o uso limitado de cookies para sua seguran\u00e7a e n\u00e3o armazena nenhum dado pessoal. As configura\u00e7\u00f5es de seu navegador podem ser configuradas para inform\u00e1-lo antes de receber um cookie.<\/p>\n<h3>Direitos autorais<\/h3>\n<p>\u00c9 proibido usar o site da ONTRAC Rent a Car para qualquer outra finalidade que n\u00e3o seja o uso pessoal para reservas de loca\u00e7\u00e3o de carro. Controlamos continuamente as atividades e uso de nosso site e qualquer atividade anormal em nosso site considerada suspeita resultar\u00e1 na nega\u00e7\u00e3o do acesso. O uso de nosso site por voc\u00ea significa a sua aceita\u00e7\u00e3o destes Termos de Servi\u00e7o.<\/p>\n<h3>Divulga\u00e7\u00e3o a terceiros<\/h3>\n<p>A ONTRAC Rent a Car nunca revela informa\u00e7\u00f5es pessoais sobre seus clientes a terceiros sem seu consentimento pr\u00e9vio, exceto se for judicialmente obrigada ou em caso de emerg\u00eancia. A ONTRAC Rent a Car n\u00e3o vender\u00e1 nem alugar\u00e1 qualquer informa\u00e7\u00e3o pessoal identific\u00e1vel. Podemos fornecer a terceiros estat\u00edsticas sobre nossos clientes, padr\u00f5es de vendas e reservas, assim como informa\u00e7\u00f5es relacionadas, mas em tais casos, essas informa\u00e7\u00f5es n\u00e3o conter\u00e3o dados de identifica\u00e7\u00e3o pessoal.<\/p>\n<h3>Para quais prop\u00f3sitos usamos suas informa\u00e7\u00f5es pessoais<\/h3>\n<p>Atividades de marketing: utilizamos suas informa\u00e7\u00f5es para fins de marketing. Estas atividades podem incluir o seguinte:<\/p>\n<ul>\n<li>Enviar e-mails de marketing de um endere\u00e7o da ONTRAC Rent a Car relacionado a nossos servi\u00e7os, caso tenha optado por receber nossos e-mails ou tenha feito qualquer transa\u00e7\u00e3o conosco, na medida permitida por lei. Voc\u00ea pode cancelar a inscri\u00e7\u00e3o deste tipo de comunica\u00e7\u00e3o a qualquer momento, clicando no link correspondente no boletim informativo.<\/li>\n<li>Comunicar com voc\u00ea pelas seguintes raz\u00f5es:\n<ul>\n<li>Enviar confirma\u00e7\u00f5es de reserva.<\/li>\n<li>Enviar alertas e notifica\u00e7\u00f5es que solicitou por assinatura, incluindo no seu dispositivo m\u00f3vel.<\/li>\n<li>Solicitar sua opini\u00e3o.<\/li>\n<li>Comunicar com voc\u00ea se voc\u00ea entrou em contato com nosso servi\u00e7o de atendimento ao cliente.<\/li>\n<li>Enviar e-mails com informa\u00e7\u00f5es sobre atendimento e assuntos administrativos.<\/li>\n<\/ul>\n<\/li>\n<\/ul>\n<h3>Servi\u00e7o de Atendimento ao Cliente<\/h3>\n<p>Se voc\u00ea entrar em contato com nosso departamento de atendimento ao cliente, manteremos um registro de suas perguntas, reclama\u00e7\u00f5es ou qualquer outra informa\u00e7\u00e3o que voc\u00ea enviar \u00e0 nossa equipe.<\/p>\n","protected":false},"excerpt":{"rendered":"<p>Privacidade A ONTRAC Rent a Car acredita que a sua privacidade deve ser protegida. Respeitamos a privacidade dos nossos clientes e por isso N\u00c3O vendemos nem alugamos qualquer informa\u00e7\u00e3o coletada atrav\u00e9s de nosso site a terceiros. Dados sens\u00edveis, por exemplo, dados pessoais e informa\u00e7\u00f5es de cart\u00e3o de cr\u00e9dito que recebemos dos clientes, s\u00e3o criptografados e [&hellip;]<\/p>\n","protected":false},"author":1,"featured_media":0,"parent":0,"menu_order":0,"comment_status":"closed","ping_status":"closed","template":"","meta":{"footnotes":""},"acf":[],"yoast_head":"<!-- This site is optimized with the Yoast SEO plugin v21.6 - https:\/\/yoast.com\/wordpress\/plugins\/seo\/ -->\n<title>Pol\u00edtica de Privacidade - OnTrac Rent a Car em portugues<\/title>\n<meta name=\"robots\" content=\"index, follow, max-snippet:-1, max-image-preview:large, max-video-preview:-1\" \/>\n<link rel=\"canonical\" href=\"https:\/\/ontracrentacar.com\/pt\/politica-de-privacidade\/\" \/>\n<meta property=\"og:locale\" content=\"pt_BR\" \/>\n<meta property=\"og:type\" content=\"article\" \/>\n<meta property=\"og:title\" content=\"Pol\u00edtica de Privacidade - OnTrac Rent a Car em portugues\" \/>\n<meta property=\"og:description\" content=\"Privacidade A ONTRAC Rent a Car acredita que a sua privacidade deve ser protegida. Respeitamos a privacidade dos nossos clientes e por isso N\u00c3O vendemos nem alugamos qualquer informa\u00e7\u00e3o coletada atrav\u00e9s de nosso site a terceiros. Dados sens\u00edveis, por exemplo, dados pessoais e informa\u00e7\u00f5es de cart\u00e3o de cr\u00e9dito que recebemos dos clientes, s\u00e3o criptografados e [&hellip;]\" \/>\n<meta property=\"og:url\" content=\"https:\/\/ontracrentacar.com\/pt\/politica-de-privacidade\/\" \/>\n<meta property=\"og:site_name\" content=\"OnTrac Rent a Car em portugues\" \/>\n<meta property=\"article:modified_time\" content=\"2022-11-02T15:36:27+00:00\" \/>\n<meta name=\"twitter:card\" content=\"summary_large_image\" \/>\n<meta name=\"twitter:label1\" content=\"Est. tempo de leitura\" \/>\n\t<meta name=\"twitter:data1\" content=\"3 minutos\" \/>\n<script type=\"application\/ld+json\" class=\"yoast-schema-graph\">{\"@context\":\"https:\/\/schema.org\",\"@graph\":[{\"@type\":\"WebPage\",\"@id\":\"https:\/\/ontracrentacar.com\/pt\/politica-de-privacidade\/\",\"url\":\"https:\/\/ontracrentacar.com\/pt\/politica-de-privacidade\/\",\"name\":\"Pol\u00edtica de Privacidade - OnTrac Rent a Car em portugues\",\"isPartOf\":{\"@id\":\"https:\/\/ontracrentacar.com\/pt\/#website\"},\"datePublished\":\"2019-03-20T01:13:14+00:00\",\"dateModified\":\"2022-11-02T15:36:27+00:00\",\"breadcrumb\":{\"@id\":\"https:\/\/ontracrentacar.com\/pt\/politica-de-privacidade\/#breadcrumb\"},\"inLanguage\":\"pt-BR\",\"potentialAction\":[{\"@type\":\"ReadAction\",\"target\":[\"https:\/\/ontracrentacar.com\/pt\/politica-de-privacidade\/\"]}]},{\"@type\":\"BreadcrumbList\",\"@id\":\"https:\/\/ontracrentacar.com\/pt\/politica-de-privacidade\/#breadcrumb\",\"itemListElement\":[{\"@type\":\"ListItem\",\"position\":1,\"name\":\"Home\",\"item\":\"https:\/\/ontracrentacar.com\/pt\/\"},{\"@type\":\"ListItem\",\"position\":2,\"name\":\"Pol\u00edtica de Privacidade\"}]},{\"@type\":\"WebSite\",\"@id\":\"https:\/\/ontracrentacar.com\/pt\/#website\",\"url\":\"https:\/\/ontracrentacar.com\/pt\/\",\"name\":\"OnTrac Rent a Car em portugues\",\"description\":\"Aluguel de carros - Compara\u00e7\u00e3o de pre\u00e7os - As melhores marcas e pre\u00e7os\",\"publisher\":{\"@id\":\"https:\/\/ontracrentacar.com\/pt\/#organization\"},\"potentialAction\":[{\"@type\":\"SearchAction\",\"target\":{\"@type\":\"EntryPoint\",\"urlTemplate\":\"https:\/\/ontracrentacar.com\/pt\/?s={search_term_string}\"},\"query-input\":\"required name=search_term_string\"}],\"inLanguage\":\"pt-BR\"},{\"@type\":\"Organization\",\"@id\":\"https:\/\/ontracrentacar.com\/pt\/#organization\",\"name\":\"OnTrac Rent a Car em portugues\",\"url\":\"https:\/\/ontracrentacar.com\/pt\/\",\"logo\":{\"@type\":\"ImageObject\",\"inLanguage\":\"pt-BR\",\"@id\":\"https:\/\/ontracrentacar.com\/pt\/#\/schema\/logo\/image\/\",\"url\":\"https:\/\/ontracrentacar.com\/pt\/wp-content\/uploads\/sites\/4\/2021\/11\/Logo_Ontrac_TM_WHITE.svg\",\"contentUrl\":\"https:\/\/ontracrentacar.com\/pt\/wp-content\/uploads\/sites\/4\/2021\/11\/Logo_Ontrac_TM_WHITE.svg\",\"width\":801,\"height\":318,\"caption\":\"OnTrac Rent a Car em portugues\"},\"image\":{\"@id\":\"https:\/\/ontracrentacar.com\/pt\/#\/schema\/logo\/image\/\"}}]}<\/script>\n<!-- \/ Yoast SEO plugin. -->","yoast_head_json":{"title":"Pol\u00edtica de Privacidade - OnTrac Rent a Car em portugues","robots":{"index":"index","follow":"follow","max-snippet":"max-snippet:-1","max-image-preview":"max-image-preview:large","max-video-preview":"max-video-preview:-1"},"canonical":"https:\/\/ontracrentacar.com\/pt\/politica-de-privacidade\/","og_locale":"pt_BR","og_type":"article","og_title":"Pol\u00edtica de Privacidade - OnTrac Rent a Car em portugues","og_description":"Privacidade A ONTRAC Rent a Car acredita que a sua privacidade deve ser protegida. Respeitamos a privacidade dos nossos clientes e por isso N\u00c3O vendemos nem alugamos qualquer informa\u00e7\u00e3o coletada atrav\u00e9s de nosso site a terceiros. Dados sens\u00edveis, por exemplo, dados pessoais e informa\u00e7\u00f5es de cart\u00e3o de cr\u00e9dito que recebemos dos clientes, s\u00e3o criptografados e [&hellip;]","og_url":"https:\/\/ontracrentacar.com\/pt\/politica-de-privacidade\/","og_site_name":"OnTrac Rent a Car em portugues","article_modified_time":"2022-11-02T15:36:27+00:00","twitter_card":"summary_large_image","twitter_misc":{"Est. tempo de leitura":"3 minutos"},"schema":{"@context":"https:\/\/schema.org","@graph":[{"@type":"WebPage","@id":"https:\/\/ontracrentacar.com\/pt\/politica-de-privacidade\/","url":"https:\/\/ontracrentacar.com\/pt\/politica-de-privacidade\/","name":"Pol\u00edtica de Privacidade - OnTrac Rent a Car em portugues","isPartOf":{"@id":"https:\/\/ontracrentacar.com\/pt\/#website"},"datePublished":"2019-03-20T01:13:14+00:00","dateModified":"2022-11-02T15:36:27+00:00","breadcrumb":{"@id":"https:\/\/ontracrentacar.com\/pt\/politica-de-privacidade\/#breadcrumb"},"inLanguage":"pt-BR","potentialAction":[{"@type":"ReadAction","target":["https:\/\/ontracrentacar.com\/pt\/politica-de-privacidade\/"]}]},{"@type":"BreadcrumbList","@id":"https:\/\/ontracrentacar.com\/pt\/politica-de-privacidade\/#breadcrumb","itemListElement":[{"@type":"ListItem","position":1,"name":"Home","item":"https:\/\/ontracrentacar.com\/pt\/"},{"@type":"ListItem","position":2,"name":"Pol\u00edtica de Privacidade"}]},{"@type":"WebSite","@id":"https:\/\/ontracrentacar.com\/pt\/#website","url":"https:\/\/ontracrentacar.com\/pt\/","name":"OnTrac Rent a Car em portugues","description":"Aluguel de carros - Compara\u00e7\u00e3o de pre\u00e7os - As melhores marcas e pre\u00e7os","publisher":{"@id":"https:\/\/ontracrentacar.com\/pt\/#organization"},"potentialAction":[{"@type":"SearchAction","target":{"@type":"EntryPoint","urlTemplate":"https:\/\/ontracrentacar.com\/pt\/?s={search_term_string}"},"query-input":"required name=search_term_string"}],"inLanguage":"pt-BR"},{"@type":"Organization","@id":"https:\/\/ontracrentacar.com\/pt\/#organization","name":"OnTrac Rent a Car em portugues","url":"https:\/\/ontracrentacar.com\/pt\/","logo":{"@type":"ImageObject","inLanguage":"pt-BR","@id":"https:\/\/ontracrentacar.com\/pt\/#\/schema\/logo\/image\/","url":"https:\/\/ontracrentacar.com\/pt\/wp-content\/uploads\/sites\/4\/2021\/11\/Logo_Ontrac_TM_WHITE.svg","contentUrl":"https:\/\/ontracrentacar.com\/pt\/wp-content\/uploads\/sites\/4\/2021\/11\/Logo_Ontrac_TM_WHITE.svg","width":801,"height":318,"caption":"OnTrac Rent a Car em portugues"},"image":{"@id":"https:\/\/ontracrentacar.com\/pt\/#\/schema\/logo\/image\/"}}]}},"_links":{"self":[{"href":"https:\/\/ontracrentacar.com\/pt\/wp-json\/wp\/v2\/pages\/19"}],"collection":[{"href":"https:\/\/ontracrentacar.com\/pt\/wp-json\/wp\/v2\/pages"}],"about":[{"href":"https:\/\/ontracrentacar.com\/pt\/wp-json\/wp\/v2\/types\/page"}],"author":[{"embeddable":true,"href":"https:\/\/ontracrentacar.com\/pt\/wp-json\/wp\/v2\/users\/1"}],"replies":[{"embeddable":true,"href":"https:\/\/ontracrentacar.com\/pt\/wp-json\/wp\/v2\/comments?post=19"}],"version-history":[{"count":7,"href":"https:\/\/ontracrentacar.com\/pt\/wp-json\/wp\/v2\/pages\/19\/revisions"}],"predecessor-version":[{"id":631,"href":"https:\/\/ontracrentacar.com\/pt\/wp-json\/wp\/v2\/pages\/19\/revisions\/631"}],"wp:attachment":[{"href":"https:\/\/ontracrentacar.com\/pt\/wp-json\/wp\/v2\/media?parent=19"}],"curies":[{"name":"wp","href":"https:\/\/api.w.org\/{rel}","templated":true}]}}