{"id":11,"date":"2019-03-20T01:12:04","date_gmt":"2019-03-20T01:12:04","guid":{"rendered":"https:\/\/ontracrentacar.com\/pt\/?page_id=11"},"modified":"2026-01-21T16:53:49","modified_gmt":"2026-01-21T16:53:49","slug":"porque-ontrac","status":"publish","type":"page","link":"https:\/\/ontracrentacar.com\/pt\/porque-ontrac\/","title":{"rendered":"Por que Ontrac"},"content":{"rendered":"\n<figure class=\"wp-block-image\"><img loading=\"lazy\" decoding=\"async\" width=\"101\" height=\"101\" src=\"https:\/\/ontracrentacar.com\/pt\/wp-content\/uploads\/sites\/4\/2019\/04\/why-satisfaction.jpg\" alt=\"\" class=\"wp-image-90\"\/><figcaption class=\"wp-element-caption\"><strong>A satisfa\u00e7\u00e3o do cliente \u00e9 o nosso objetivo n\u00famero um.<\/strong> Trabalhamos com as mais s\u00f3lidas empresas do mundo que garantem seus produtos e servi\u00e7os, assim voc\u00ea pode reservar com confian\u00e7a.<\/figcaption><\/figure>\n\n\n\n<figure class=\"wp-block-image\"><img loading=\"lazy\" decoding=\"async\" width=\"101\" height=\"101\" src=\"https:\/\/ontracrentacar.com\/pt\/wp-content\/uploads\/sites\/4\/2019\/04\/why-compare.jpg\" alt=\"\" class=\"wp-image-91\"\/><figcaption class=\"wp-element-caption\"><strong>As melhores tarifas e op\u00e7\u00f5es em uma \u00fanica busca. <\/strong>Nossa tecnologia avan\u00e7ada pesquisa pre\u00e7os e op\u00e7\u00f5es em um grande n\u00famero de sites de loca\u00e7\u00e3o de carros na internet e os coloca em um \u00fanico lugar para que os clientes possam facilmente comparar op\u00e7\u00f5es para o mesmo carro e encontrar o melhor neg\u00f3cio.<\/figcaption><\/figure>\n\n\n\n<figure class=\"wp-block-image\"><img loading=\"lazy\" decoding=\"async\" width=\"101\" height=\"101\" src=\"https:\/\/ontracrentacar.com\/pt\/wp-content\/uploads\/sites\/4\/2019\/04\/why-created.jpg\" alt=\"\" class=\"wp-image-93\"\/><figcaption class=\"wp-element-caption\"><strong><strong>Criamos produtos e tarifas que atendem \u00e0s suas necessidades.<\/strong><\/strong><\/figcaption><\/figure>\n\n\n\n<figure class=\"wp-block-image\"><img loading=\"lazy\" decoding=\"async\" width=\"101\" height=\"101\" src=\"https:\/\/ontracrentacar.com\/pt\/wp-content\/uploads\/sites\/4\/2019\/04\/why-partners.jpg\" alt=\"\" class=\"wp-image-94\"\/><figcaption class=\"wp-element-caption\"><strong>N\u00f3s nos concentramos na fidelidade do cliente, n\u00e3o em transa\u00e7\u00f5es \u00fanicas.<\/strong> \u00c9 por isso que garantimos que voc\u00ea n\u00e3o ter\u00e1 surpresas no pre\u00e7o final.<\/figcaption><\/figure>\n\n\n\n<figure class=\"wp-block-image\"><img loading=\"lazy\" decoding=\"async\" width=\"101\" height=\"101\" src=\"https:\/\/ontracrentacar.com\/pt\/wp-content\/uploads\/sites\/4\/2019\/04\/why-loyalty.jpg\" alt=\"\" class=\"wp-image-95\"\/><figcaption class=\"wp-element-caption\"><strong>Nos centramos en la lealtad del cliente no en ofertas individuales.<\/strong> Por eso nos aseguramos de que no haya sorpresas en el precio final.<\/figcaption><\/figure>\n\n\n\n<figure class=\"wp-block-image\"><img loading=\"lazy\" decoding=\"async\" width=\"101\" height=\"101\" src=\"https:\/\/ontracrentacar.com\/pt\/wp-content\/uploads\/sites\/4\/2019\/04\/why-money.jpg\" alt=\"\" class=\"wp-image-96\"\/><figcaption class=\"wp-element-caption\"><strong>Reserve e pague no momento da retirada do ve\u00edculo<\/strong>. Damos-lhe um c\u00f3digo de confirma\u00e7\u00e3o com o qual ir\u00e1 levantar o seu ve\u00edculo na ag\u00eancia selecionada sem ter que pagar antecipadamente.<\/figcaption><\/figure>\n\n\n\n<figure class=\"wp-block-image\"><img loading=\"lazy\" decoding=\"async\" width=\"101\" height=\"101\" src=\"https:\/\/ontracrentacar.com\/pt\/wp-content\/uploads\/sites\/4\/2019\/04\/why-latam.jpg\" alt=\"\" class=\"wp-image-97\"\/><figcaption class=\"wp-element-caption\"><strong>Aprendemos a entender as necessidades do mercado latino-americano<\/strong> e adaptamos nossos servi\u00e7os para atender a essas necessidades.<\/figcaption><\/figure>\n\n\n\n<figure class=\"wp-block-image\"><img loading=\"lazy\" decoding=\"async\" width=\"101\" height=\"101\" src=\"https:\/\/ontracrentacar.com\/pt\/wp-content\/uploads\/sites\/4\/2019\/04\/why-cancellation.jpg\" alt=\"\" class=\"wp-image-98\"\/><figcaption class=\"wp-element-caption\"><strong>Cancelamento sem problemas.<\/strong><\/figcaption><\/figure>\n\n\n\n<figure class=\"wp-block-image\"><img loading=\"lazy\" decoding=\"async\" width=\"101\" height=\"101\" src=\"https:\/\/ontracrentacar.com\/pt\/wp-content\/uploads\/sites\/4\/2019\/04\/why-vehicle.jpg\" alt=\"\" class=\"wp-image-99\"\/><figcaption class=\"wp-element-caption\"><strong>Oferecemos uma ampla gama de ve\u00edculos de alta qualidade com excelentes tarifas, <\/strong>para garantir que voc\u00ea encontrar\u00e1 o que precisa ao pre\u00e7o que deseja.<\/figcaption><\/figure>\n\n\n\n<figure class=\"wp-block-image\"><img loading=\"lazy\" decoding=\"async\" width=\"101\" height=\"101\" src=\"https:\/\/ontracrentacar.com\/pt\/wp-content\/uploads\/sites\/4\/2019\/04\/why-fees.jpg\" alt=\"\" class=\"wp-image-100\"\/><figcaption class=\"wp-element-caption\"><strong><strong>N\u00e3o solicitamos cart\u00e3o no momento da reserva no site.<\/strong><\/strong><\/figcaption><\/figure>\n\n\n\n<figure class=\"wp-block-image\"><img loading=\"lazy\" decoding=\"async\" width=\"101\" height=\"101\" src=\"https:\/\/ontracrentacar.com\/pt\/wp-content\/uploads\/sites\/4\/2019\/04\/why-price.jpg\" alt=\"\" class=\"wp-image-101\"\/><figcaption class=\"wp-element-caption\"><strong>Temos uma Garantia de Pre\u00e7o Baixo<\/strong> &#8211; encontre uma tarifa de loca\u00e7\u00e3o mais baixa e n\u00f3s a honraremos!<\/figcaption><\/figure>\n\n\n\n<figure class=\"wp-block-image\"><img loading=\"lazy\" decoding=\"async\" width=\"101\" height=\"101\" src=\"https:\/\/ontracrentacar.com\/pt\/wp-content\/uploads\/sites\/4\/2019\/04\/why-service.jpg\" alt=\"\" class=\"wp-image-102\"\/><figcaption class=\"wp-element-caption\"><strong><strong>Linha direta de suporte 24\/7 durante a loca\u00e7\u00e3o<\/strong><\/strong><\/figcaption><\/figure>\n\n\n\n<figure class=\"wp-block-image\"><img loading=\"lazy\" decoding=\"async\" width=\"101\" height=\"101\" src=\"https:\/\/ontracrentacar.com\/pt\/wp-content\/uploads\/sites\/4\/2019\/04\/why-pay.jpg\" alt=\"\" class=\"wp-image-103\"\/><figcaption class=\"wp-element-caption\"><strong>O pre\u00e7o que voc\u00ea escolhe \u00e9 o pre\u00e7o que voc\u00ea paga!<\/strong> Nada de surpresas no pre\u00e7o final.<\/figcaption><\/figure>\n\n\n\n<figure class=\"wp-block-image\"><img loading=\"lazy\" decoding=\"async\" width=\"101\" height=\"101\" src=\"https:\/\/ontracrentacar.com\/pt\/wp-content\/uploads\/sites\/4\/2019\/04\/why-worldwide.jpg\" alt=\"\" class=\"wp-image-104\"\/><figcaption class=\"wp-element-caption\"><strong><strong>20.000 locais de retirada no mundo inteiro<\/strong><\/strong><\/figcaption><\/figure>\n","protected":false},"excerpt":{"rendered":"<p>Ap\u00f3s <strong>16 anos<\/strong> no mercado de loca\u00e7\u00e3o de autom\u00f3veis, descobrimos o que os clientes verdadeiramente desejam. Fizemos alian\u00e7as com as <strong>empresas de loca\u00e7\u00e3o de melhor reputa\u00e7\u00e3o do mundo<\/strong> para garantir aos nossos clientes uma experi\u00eancia exclusiva em termos de qualidade e atendimento.<\/p>\n","protected":false},"author":1,"featured_media":0,"parent":0,"menu_order":0,"comment_status":"closed","ping_status":"closed","template":"why-ontrac.php","meta":{"footnotes":""},"acf":[],"yoast_head":"<!-- This site is optimized with the Yoast SEO plugin v21.6 - https:\/\/yoast.com\/wordpress\/plugins\/seo\/ -->\n<title>Renta car | Renta de Carros | Alquiler de Coches | \u00bfPor qu\u00e9 Ontrac?<\/title>\n<meta name=\"description\" content=\"\u00a1No pierdas tiempo en Internet! Aqu\u00ed tienes los mejores precios de las mejores marcas en segundos. Compara f\u00e1cilmente servicios de renta de carros.\" \/>\n<meta name=\"robots\" content=\"index, follow, max-snippet:-1, max-image-preview:large, max-video-preview:-1\" \/>\n<link rel=\"canonical\" href=\"https:\/\/ontracrentacar.com\/pt\/porque-ontrac\/\" \/>\n<meta property=\"og:locale\" content=\"pt_BR\" \/>\n<meta property=\"og:type\" content=\"article\" \/>\n<meta property=\"og:title\" content=\"Renta car | Renta de Carros | Alquiler de Coches | \u00bfPor qu\u00e9 Ontrac?\" \/>\n<meta property=\"og:description\" content=\"\u00a1No pierdas tiempo en Internet! Aqu\u00ed tienes los mejores precios de las mejores marcas en segundos. Compara f\u00e1cilmente servicios de renta de carros.\" \/>\n<meta property=\"og:url\" content=\"https:\/\/ontracrentacar.com\/pt\/porque-ontrac\/\" \/>\n<meta property=\"og:site_name\" content=\"OnTrac Rent a Car em portugues\" \/>\n<meta property=\"article:modified_time\" content=\"2026-01-21T16:53:49+00:00\" \/>\n<meta property=\"og:image\" content=\"https:\/\/ontracrentacar.com\/pt\/wp-content\/uploads\/sites\/4\/2019\/04\/why-satisfaction.jpg\" \/>\n<meta name=\"twitter:card\" content=\"summary_large_image\" \/>\n<meta name=\"twitter:label1\" content=\"Est. tempo de leitura\" \/>\n\t<meta name=\"twitter:data1\" content=\"5 minutos\" \/>\n<script type=\"application\/ld+json\" class=\"yoast-schema-graph\">{\"@context\":\"https:\/\/schema.org\",\"@graph\":[{\"@type\":\"WebPage\",\"@id\":\"https:\/\/ontracrentacar.com\/pt\/porque-ontrac\/\",\"url\":\"https:\/\/ontracrentacar.com\/pt\/porque-ontrac\/\",\"name\":\"Renta car | Renta de Carros | Alquiler de Coches | \u00bfPor qu\u00e9 Ontrac?\",\"isPartOf\":{\"@id\":\"https:\/\/ontracrentacar.com\/pt\/#website\"},\"datePublished\":\"2019-03-20T01:12:04+00:00\",\"dateModified\":\"2026-01-21T16:53:49+00:00\",\"description\":\"\u00a1No pierdas tiempo en Internet! Aqu\u00ed tienes los mejores precios de las mejores marcas en segundos. Compara f\u00e1cilmente servicios de renta de carros.\",\"breadcrumb\":{\"@id\":\"https:\/\/ontracrentacar.com\/pt\/porque-ontrac\/#breadcrumb\"},\"inLanguage\":\"pt-BR\",\"potentialAction\":[{\"@type\":\"ReadAction\",\"target\":[\"https:\/\/ontracrentacar.com\/pt\/porque-ontrac\/\"]}]},{\"@type\":\"BreadcrumbList\",\"@id\":\"https:\/\/ontracrentacar.com\/pt\/porque-ontrac\/#breadcrumb\",\"itemListElement\":[{\"@type\":\"ListItem\",\"position\":1,\"name\":\"Home\",\"item\":\"https:\/\/ontracrentacar.com\/pt\/\"},{\"@type\":\"ListItem\",\"position\":2,\"name\":\"Por que Ontrac\"}]},{\"@type\":\"WebSite\",\"@id\":\"https:\/\/ontracrentacar.com\/pt\/#website\",\"url\":\"https:\/\/ontracrentacar.com\/pt\/\",\"name\":\"OnTrac Rent a Car em portugues\",\"description\":\"Aluguel de carros - Compara\u00e7\u00e3o de pre\u00e7os - As melhores marcas e pre\u00e7os\",\"publisher\":{\"@id\":\"https:\/\/ontracrentacar.com\/pt\/#organization\"},\"potentialAction\":[{\"@type\":\"SearchAction\",\"target\":{\"@type\":\"EntryPoint\",\"urlTemplate\":\"https:\/\/ontracrentacar.com\/pt\/?s={search_term_string}\"},\"query-input\":\"required name=search_term_string\"}],\"inLanguage\":\"pt-BR\"},{\"@type\":\"Organization\",\"@id\":\"https:\/\/ontracrentacar.com\/pt\/#organization\",\"name\":\"OnTrac Rent a Car em portugues\",\"url\":\"https:\/\/ontracrentacar.com\/pt\/\",\"logo\":{\"@type\":\"ImageObject\",\"inLanguage\":\"pt-BR\",\"@id\":\"https:\/\/ontracrentacar.com\/pt\/#\/schema\/logo\/image\/\",\"url\":\"https:\/\/ontracrentacar.com\/pt\/wp-content\/uploads\/sites\/4\/2021\/11\/Logo_Ontrac_TM_WHITE.svg\",\"contentUrl\":\"https:\/\/ontracrentacar.com\/pt\/wp-content\/uploads\/sites\/4\/2021\/11\/Logo_Ontrac_TM_WHITE.svg\",\"width\":801,\"height\":318,\"caption\":\"OnTrac Rent a Car em portugues\"},\"image\":{\"@id\":\"https:\/\/ontracrentacar.com\/pt\/#\/schema\/logo\/image\/\"}}]}<\/script>\n<!-- \/ Yoast SEO plugin. -->","yoast_head_json":{"title":"Renta car | Renta de Carros | Alquiler de Coches | \u00bfPor qu\u00e9 Ontrac?","description":"\u00a1No pierdas tiempo en Internet! Aqu\u00ed tienes los mejores precios de las mejores marcas en segundos. Compara f\u00e1cilmente servicios de renta de carros.","robots":{"index":"index","follow":"follow","max-snippet":"max-snippet:-1","max-image-preview":"max-image-preview:large","max-video-preview":"max-video-preview:-1"},"canonical":"https:\/\/ontracrentacar.com\/pt\/porque-ontrac\/","og_locale":"pt_BR","og_type":"article","og_title":"Renta car | Renta de Carros | Alquiler de Coches | \u00bfPor qu\u00e9 Ontrac?","og_description":"\u00a1No pierdas tiempo en Internet! Aqu\u00ed tienes los mejores precios de las mejores marcas en segundos. Compara f\u00e1cilmente servicios de renta de carros.","og_url":"https:\/\/ontracrentacar.com\/pt\/porque-ontrac\/","og_site_name":"OnTrac Rent a Car em portugues","article_modified_time":"2026-01-21T16:53:49+00:00","og_image":[{"url":"https:\/\/ontracrentacar.com\/pt\/wp-content\/uploads\/sites\/4\/2019\/04\/why-satisfaction.jpg"}],"twitter_card":"summary_large_image","twitter_misc":{"Est. tempo de leitura":"5 minutos"},"schema":{"@context":"https:\/\/schema.org","@graph":[{"@type":"WebPage","@id":"https:\/\/ontracrentacar.com\/pt\/porque-ontrac\/","url":"https:\/\/ontracrentacar.com\/pt\/porque-ontrac\/","name":"Renta car | Renta de Carros | Alquiler de Coches | \u00bfPor qu\u00e9 Ontrac?","isPartOf":{"@id":"https:\/\/ontracrentacar.com\/pt\/#website"},"datePublished":"2019-03-20T01:12:04+00:00","dateModified":"2026-01-21T16:53:49+00:00","description":"\u00a1No pierdas tiempo en Internet! Aqu\u00ed tienes los mejores precios de las mejores marcas en segundos. Compara f\u00e1cilmente servicios de renta de carros.","breadcrumb":{"@id":"https:\/\/ontracrentacar.com\/pt\/porque-ontrac\/#breadcrumb"},"inLanguage":"pt-BR","potentialAction":[{"@type":"ReadAction","target":["https:\/\/ontracrentacar.com\/pt\/porque-ontrac\/"]}]},{"@type":"BreadcrumbList","@id":"https:\/\/ontracrentacar.com\/pt\/porque-ontrac\/#breadcrumb","itemListElement":[{"@type":"ListItem","position":1,"name":"Home","item":"https:\/\/ontracrentacar.com\/pt\/"},{"@type":"ListItem","position":2,"name":"Por que Ontrac"}]},{"@type":"WebSite","@id":"https:\/\/ontracrentacar.com\/pt\/#website","url":"https:\/\/ontracrentacar.com\/pt\/","name":"OnTrac Rent a Car em portugues","description":"Aluguel de carros - Compara\u00e7\u00e3o de pre\u00e7os - As melhores marcas e pre\u00e7os","publisher":{"@id":"https:\/\/ontracrentacar.com\/pt\/#organization"},"potentialAction":[{"@type":"SearchAction","target":{"@type":"EntryPoint","urlTemplate":"https:\/\/ontracrentacar.com\/pt\/?s={search_term_string}"},"query-input":"required name=search_term_string"}],"inLanguage":"pt-BR"},{"@type":"Organization","@id":"https:\/\/ontracrentacar.com\/pt\/#organization","name":"OnTrac Rent a Car em portugues","url":"https:\/\/ontracrentacar.com\/pt\/","logo":{"@type":"ImageObject","inLanguage":"pt-BR","@id":"https:\/\/ontracrentacar.com\/pt\/#\/schema\/logo\/image\/","url":"https:\/\/ontracrentacar.com\/pt\/wp-content\/uploads\/sites\/4\/2021\/11\/Logo_Ontrac_TM_WHITE.svg","contentUrl":"https:\/\/ontracrentacar.com\/pt\/wp-content\/uploads\/sites\/4\/2021\/11\/Logo_Ontrac_TM_WHITE.svg","width":801,"height":318,"caption":"OnTrac Rent a Car em portugues"},"image":{"@id":"https:\/\/ontracrentacar.com\/pt\/#\/schema\/logo\/image\/"}}]}},"_links":{"self":[{"href":"https:\/\/ontracrentacar.com\/pt\/wp-json\/wp\/v2\/pages\/11"}],"collection":[{"href":"https:\/\/ontracrentacar.com\/pt\/wp-json\/wp\/v2\/pages"}],"about":[{"href":"https:\/\/ontracrentacar.com\/pt\/wp-json\/wp\/v2\/types\/page"}],"author":[{"embeddable":true,"href":"https:\/\/ontracrentacar.com\/pt\/wp-json\/wp\/v2\/users\/1"}],"replies":[{"embeddable":true,"href":"https:\/\/ontracrentacar.com\/pt\/wp-json\/wp\/v2\/comments?post=11"}],"version-history":[{"count":26,"href":"https:\/\/ontracrentacar.com\/pt\/wp-json\/wp\/v2\/pages\/11\/revisions"}],"predecessor-version":[{"id":665,"href":"https:\/\/ontracrentacar.com\/pt\/wp-json\/wp\/v2\/pages\/11\/revisions\/665"}],"wp:attachment":[{"href":"https:\/\/ontracrentacar.com\/pt\/wp-json\/wp\/v2\/media?parent=11"}],"curies":[{"name":"wp","href":"https:\/\/api.w.org\/{rel}","templated":true}]}}