{"id":19,"date":"2019-03-20T01:13:14","date_gmt":"2019-03-20T01:13:14","guid":{"rendered":"https:\/\/ontracrentacar.com\/es\/?page_id=19"},"modified":"2019-05-02T20:38:17","modified_gmt":"2019-05-02T20:38:17","slug":"politica-de-privacidad","status":"publish","type":"page","link":"https:\/\/ontracrentacar.com\/es\/politica-de-privacidad\/","title":{"rendered":"Pol\u00edtica de privacidad"},"content":{"rendered":"<h3>Privacidad<\/h3>\n<p>ONTRAC Rent a Car apuesta por la protecci\u00f3n de su privacidad. Respetamos la privacidad de nuestros clientes y nos la tomamos muy en serio; por lo tanto, NO vendemos ni alquilamos a terceros ninguna informaci\u00f3n obtenida a trav\u00e9s de nuestro sitio web.<\/p>\n<p>Los datos confidenciales, como los datos personales y la informaci\u00f3n de tarjetas de cr\u00e9dito que recibimos de nuestros clientes, est\u00e1n cifrados y protegidos para su uso en internet. Gracias a esta protecci\u00f3n, ning\u00fan tercero puede leerlos. ONTRAC Rent a Car no almacena informaci\u00f3n de las tarjetas de cr\u00e9dito. Si decide pagar el servicio con tarjeta de cr\u00e9dito, nosotros no almacenamos los datos de su tarjeta de cr\u00e9dito.<\/p>\n<h3>Cookies<\/h3>\n<p>Con el fin de mejorar nuestro servicio y nuestro sitio web, es posible que utilicemos un dispositivo conocido como <em>cookie<\/em>. Algunas <em>cookies<\/em> son absolutamente necesarias para que el sitio web funcione correctamente y otras sirven para mejorar la eficacia de nuestro sitio web y la experiencia del usuario. ONTRAC Rent a Car hace un uso limitado de <em>cookies<\/em> para su seguridad y no almacena datos personales. Puede configurar el navegador para que le informe en el momento en que reciba una <em>cookie<\/em>.<\/p>\n<h3>Cancelaci\u00f3n del uso<\/h3>\n<p>El acceso total o parcial del usuario a este sitio web se puede cancelar o suspender en cualquier momento sin previo aviso y por cualquier motivo.<\/p>\n<h3>Derechos de Autor<\/h3>\n<p>Est\u00e1 prohibido utilizar el sitio web de ONTRAC Rent a Car para cualquier otro fin que no sea el uso personal de reservar el alquiler de un auto. Controlamos constantemente la actividad y el uso de nuestro sitio web, y se denegar\u00e1 el acceso en caso de que se detecten actividades irregulares en nuestro sitio web que se consideren sospechosas. Si usted utiliza nuestro sitio web, significa que acepta estas condiciones de servicio.<\/p>\n<h3>Divulgaci\u00f3n a Terceros<\/h3>\n<p>ONTRAC Rent a Car nunca divulga informaci\u00f3n personal sobre sus clientes a terceros sin consentimiento previo, salvo que tenga la obligaci\u00f3n legal de hacerlo o en caso de alguna emergencia. ONTRAC Rent a Car no vender\u00e1 ni alquilar\u00e1 ninguna informaci\u00f3n personal. Podemos proporcionar estad\u00edsticas sobre nuestros clientes, nuestras ventas y nuestros patrones de reserva e informaci\u00f3n relacionada a terceros, sin embargo, en dichos casos, esta informaci\u00f3n no incluir\u00e1 informaci\u00f3n personal.<\/p>\n<h3>Para qu\u00e9 fines utilizamos su informaci\u00f3n personal<\/h3>\n<p>Tu informaci\u00f3n personal puede ser usada de las siguientes formas:<\/p>\n<p>La mejora de nuestros servicios: para mejorar la Plataforma y servicios que te ofrecemos, para entender mejor a los usuarios de nuestra Plataforma y servicios y para proteger nuestra propiedad e impedir da\u00f1os.<\/p>\n<ul>\n<li>Reservas: junto a nuestros socios de la industria de los viajes, usamos tu informaci\u00f3n personal para procesar tus reservas y guardar informaci\u00f3n sobre tu itinerario.<\/li>\n<li>Actividades de marketing: usamos tu informaci\u00f3n con objetivos de marketing. Entre estas actividades se pueden incluir las siguientes:\n<ul>\n<li>Enviarte emails de marketing desde una direcci\u00f3n de ONTRAC Rent a Car relacionados con nuestros servicios o los de nuestros socios si optaste por recibir nuestros emails o has realizado alguna transacci\u00f3n con nosotros, y seg\u00fan lo permita la ley. Puedes darte de baja de estos tipos de comunicaciones en cualquier momento haciendo clic en el enlace correspondiente del bolet\u00edn informativo.<\/li>\n<li>Mostrarte publicidad y recomendaciones que podr\u00edan ser relevantes para ti. Te podr\u00edamos mostrar publicidad en nuestras Plataformas, as\u00ed como en plataformas de terceros (incluyendo sitios de redes sociales) y podr\u00edan incluir informaci\u00f3n u ofertas que consideremos o que nuestros socios consideren que podr\u00eda resultarte interesante. La publicidad individualizada podr\u00eda estar basada en la informaci\u00f3n recopilada por medio de cookies u otras tecnolog\u00edas de seguimiento.<\/li>\n<\/ul>\n<\/li>\n<\/ul>\n<ul>\n<li>\n<ul>\n<li>Comunicarnos contigo si te pusiste en contacto con nuestro servicio de atenci\u00f3n al cliente.<\/li>\n<\/ul>\n<\/li>\n<\/ul>\n<ul>\n<li>\n<ul>\n<li>Enviarte emails con informaci\u00f3n de servicio y\/o asuntos administrativos.<\/li>\n<li>Enviarte informaci\u00f3n que podr\u00eda interesarte sobre los servicios ofrecidos por ONTRAC Rent a Car o nuestros socios.<\/li>\n<\/ul>\n<\/li>\n<\/ul>\n<ul>\n<li>Para comunicarnos contigo, entre otros, con los siguientes objetivos:\n<ul>\n<li>Enviarte confirmaciones de reserva.<\/li>\n<li>Enviarte alertas y notificaciones a los que te hayas suscrito, incluso a tu dispositivo m\u00f3vil.<\/li>\n<li>Solicitar tu opini\u00f3n sobre nuestro servicio o alg\u00fan tema relevante para nosotros.<\/li>\n<\/ul>\n<\/li>\n<\/ul>\n<h3>Efectos legales<\/h3>\n<p>En algunos casos podr\u00edamos necesitar usar tu informaci\u00f3n para atender y resolver disputas legales, en casos de investigaciones regulatorias y de conformidad, o para hacer cumplir los t\u00e9rminos de uso del servicio.<\/p>\n<h3>Atenci\u00f3n al Cliente<\/h3>\n<p>Si se comunica con nuestro servicio al cliente, mantendremos un registro de sus preguntas, quejas o cualquier otra informaci\u00f3n que env\u00ede a nuestro equipo.<\/p>\n","protected":false},"excerpt":{"rendered":"<p>Privacidad ONTRAC Rent a Car apuesta por la protecci\u00f3n de su privacidad. Respetamos la privacidad de nuestros clientes y nos la tomamos muy en serio; por lo tanto, NO vendemos ni alquilamos a terceros ninguna informaci\u00f3n obtenida a trav\u00e9s de nuestro sitio web. Los datos confidenciales, como los datos personales y la informaci\u00f3n de tarjetas [&hellip;]<\/p>\n","protected":false},"author":1,"featured_media":0,"parent":0,"menu_order":0,"comment_status":"closed","ping_status":"closed","template":"","meta":{"footnotes":""},"acf":[],"yoast_head":"<!-- This site is optimized with the Yoast SEO plugin v21.6 - https:\/\/yoast.com\/wordpress\/plugins\/seo\/ -->\n<title>Pol\u00edtica de privacidad - Ontrac Rent a Car en Espa\u00f1ol<\/title>\n<meta name=\"robots\" content=\"index, follow, max-snippet:-1, max-image-preview:large, max-video-preview:-1\" \/>\n<link rel=\"canonical\" href=\"https:\/\/ontracrentacar.com\/es\/politica-de-privacidad\/\" \/>\n<meta property=\"og:locale\" content=\"es_ES\" \/>\n<meta property=\"og:type\" content=\"article\" \/>\n<meta property=\"og:title\" content=\"Pol\u00edtica de privacidad - Ontrac Rent a Car en Espa\u00f1ol\" \/>\n<meta property=\"og:description\" content=\"Privacidad ONTRAC Rent a Car apuesta por la protecci\u00f3n de su privacidad. Respetamos la privacidad de nuestros clientes y nos la tomamos muy en serio; por lo tanto, NO vendemos ni alquilamos a terceros ninguna informaci\u00f3n obtenida a trav\u00e9s de nuestro sitio web. Los datos confidenciales, como los datos personales y la informaci\u00f3n de tarjetas [&hellip;]\" \/>\n<meta property=\"og:url\" content=\"https:\/\/ontracrentacar.com\/es\/politica-de-privacidad\/\" \/>\n<meta property=\"og:site_name\" content=\"Ontrac Rent a Car en Espa\u00f1ol\" \/>\n<meta property=\"article:modified_time\" content=\"2019-05-02T20:38:17+00:00\" \/>\n<meta name=\"twitter:card\" content=\"summary_large_image\" \/>\n<script type=\"application\/ld+json\" class=\"yoast-schema-graph\">{\"@context\":\"https:\/\/schema.org\",\"@graph\":[{\"@type\":\"WebPage\",\"@id\":\"https:\/\/ontracrentacar.com\/es\/politica-de-privacidad\/\",\"url\":\"https:\/\/ontracrentacar.com\/es\/politica-de-privacidad\/\",\"name\":\"Pol\u00edtica de privacidad - Ontrac Rent a Car en Espa\u00f1ol\",\"isPartOf\":{\"@id\":\"https:\/\/ontracrentacar.com\/es\/#website\"},\"datePublished\":\"2019-03-20T01:13:14+00:00\",\"dateModified\":\"2019-05-02T20:38:17+00:00\",\"breadcrumb\":{\"@id\":\"https:\/\/ontracrentacar.com\/es\/politica-de-privacidad\/#breadcrumb\"},\"inLanguage\":\"es\",\"potentialAction\":[{\"@type\":\"ReadAction\",\"target\":[\"https:\/\/ontracrentacar.com\/es\/politica-de-privacidad\/\"]}]},{\"@type\":\"BreadcrumbList\",\"@id\":\"https:\/\/ontracrentacar.com\/es\/politica-de-privacidad\/#breadcrumb\",\"itemListElement\":[{\"@type\":\"ListItem\",\"position\":1,\"name\":\"Home\",\"item\":\"https:\/\/ontracrentacar.com\/es\/\"},{\"@type\":\"ListItem\",\"position\":2,\"name\":\"Pol\u00edtica de privacidad\"}]},{\"@type\":\"WebSite\",\"@id\":\"https:\/\/ontracrentacar.com\/es\/#website\",\"url\":\"https:\/\/ontracrentacar.com\/es\/\",\"name\":\"Ontrac Rent a Car en Espa\u00f1ol\",\"description\":\"Just another WordPress site\",\"publisher\":{\"@id\":\"https:\/\/ontracrentacar.com\/es\/#organization\"},\"potentialAction\":[{\"@type\":\"SearchAction\",\"target\":{\"@type\":\"EntryPoint\",\"urlTemplate\":\"https:\/\/ontracrentacar.com\/es\/?s={search_term_string}\"},\"query-input\":\"required name=search_term_string\"}],\"inLanguage\":\"es\"},{\"@type\":\"Organization\",\"@id\":\"https:\/\/ontracrentacar.com\/es\/#organization\",\"name\":\"Ontrac Rent a Car en Espa\u00f1ol\",\"url\":\"https:\/\/ontracrentacar.com\/es\/\",\"logo\":{\"@type\":\"ImageObject\",\"inLanguage\":\"es\",\"@id\":\"https:\/\/ontracrentacar.com\/es\/#\/schema\/logo\/image\/\",\"url\":\"https:\/\/ontracrentacar.com\/es\/wp-content\/uploads\/sites\/3\/2021\/11\/Logo_Ontrac_TM_WHITE.svg\",\"contentUrl\":\"https:\/\/ontracrentacar.com\/es\/wp-content\/uploads\/sites\/3\/2021\/11\/Logo_Ontrac_TM_WHITE.svg\",\"width\":801,\"height\":318,\"caption\":\"Ontrac Rent a Car en Espa\u00f1ol\"},\"image\":{\"@id\":\"https:\/\/ontracrentacar.com\/es\/#\/schema\/logo\/image\/\"}}]}<\/script>\n<!-- \/ Yoast SEO plugin. -->","yoast_head_json":{"title":"Pol\u00edtica de privacidad - Ontrac Rent a Car en Espa\u00f1ol","robots":{"index":"index","follow":"follow","max-snippet":"max-snippet:-1","max-image-preview":"max-image-preview:large","max-video-preview":"max-video-preview:-1"},"canonical":"https:\/\/ontracrentacar.com\/es\/politica-de-privacidad\/","og_locale":"es_ES","og_type":"article","og_title":"Pol\u00edtica de privacidad - Ontrac Rent a Car en Espa\u00f1ol","og_description":"Privacidad ONTRAC Rent a Car apuesta por la protecci\u00f3n de su privacidad. Respetamos la privacidad de nuestros clientes y nos la tomamos muy en serio; por lo tanto, NO vendemos ni alquilamos a terceros ninguna informaci\u00f3n obtenida a trav\u00e9s de nuestro sitio web. Los datos confidenciales, como los datos personales y la informaci\u00f3n de tarjetas [&hellip;]","og_url":"https:\/\/ontracrentacar.com\/es\/politica-de-privacidad\/","og_site_name":"Ontrac Rent a Car en Espa\u00f1ol","article_modified_time":"2019-05-02T20:38:17+00:00","twitter_card":"summary_large_image","schema":{"@context":"https:\/\/schema.org","@graph":[{"@type":"WebPage","@id":"https:\/\/ontracrentacar.com\/es\/politica-de-privacidad\/","url":"https:\/\/ontracrentacar.com\/es\/politica-de-privacidad\/","name":"Pol\u00edtica de privacidad - Ontrac Rent a Car en Espa\u00f1ol","isPartOf":{"@id":"https:\/\/ontracrentacar.com\/es\/#website"},"datePublished":"2019-03-20T01:13:14+00:00","dateModified":"2019-05-02T20:38:17+00:00","breadcrumb":{"@id":"https:\/\/ontracrentacar.com\/es\/politica-de-privacidad\/#breadcrumb"},"inLanguage":"es","potentialAction":[{"@type":"ReadAction","target":["https:\/\/ontracrentacar.com\/es\/politica-de-privacidad\/"]}]},{"@type":"BreadcrumbList","@id":"https:\/\/ontracrentacar.com\/es\/politica-de-privacidad\/#breadcrumb","itemListElement":[{"@type":"ListItem","position":1,"name":"Home","item":"https:\/\/ontracrentacar.com\/es\/"},{"@type":"ListItem","position":2,"name":"Pol\u00edtica de privacidad"}]},{"@type":"WebSite","@id":"https:\/\/ontracrentacar.com\/es\/#website","url":"https:\/\/ontracrentacar.com\/es\/","name":"Ontrac Rent a Car en Espa\u00f1ol","description":"Just another WordPress site","publisher":{"@id":"https:\/\/ontracrentacar.com\/es\/#organization"},"potentialAction":[{"@type":"SearchAction","target":{"@type":"EntryPoint","urlTemplate":"https:\/\/ontracrentacar.com\/es\/?s={search_term_string}"},"query-input":"required name=search_term_string"}],"inLanguage":"es"},{"@type":"Organization","@id":"https:\/\/ontracrentacar.com\/es\/#organization","name":"Ontrac Rent a Car en Espa\u00f1ol","url":"https:\/\/ontracrentacar.com\/es\/","logo":{"@type":"ImageObject","inLanguage":"es","@id":"https:\/\/ontracrentacar.com\/es\/#\/schema\/logo\/image\/","url":"https:\/\/ontracrentacar.com\/es\/wp-content\/uploads\/sites\/3\/2021\/11\/Logo_Ontrac_TM_WHITE.svg","contentUrl":"https:\/\/ontracrentacar.com\/es\/wp-content\/uploads\/sites\/3\/2021\/11\/Logo_Ontrac_TM_WHITE.svg","width":801,"height":318,"caption":"Ontrac Rent a Car en Espa\u00f1ol"},"image":{"@id":"https:\/\/ontracrentacar.com\/es\/#\/schema\/logo\/image\/"}}]}},"_links":{"self":[{"href":"https:\/\/ontracrentacar.com\/es\/wp-json\/wp\/v2\/pages\/19"}],"collection":[{"href":"https:\/\/ontracrentacar.com\/es\/wp-json\/wp\/v2\/pages"}],"about":[{"href":"https:\/\/ontracrentacar.com\/es\/wp-json\/wp\/v2\/types\/page"}],"author":[{"embeddable":true,"href":"https:\/\/ontracrentacar.com\/es\/wp-json\/wp\/v2\/users\/1"}],"replies":[{"embeddable":true,"href":"https:\/\/ontracrentacar.com\/es\/wp-json\/wp\/v2\/comments?post=19"}],"version-history":[{"count":6,"href":"https:\/\/ontracrentacar.com\/es\/wp-json\/wp\/v2\/pages\/19\/revisions"}],"predecessor-version":[{"id":177,"href":"https:\/\/ontracrentacar.com\/es\/wp-json\/wp\/v2\/pages\/19\/revisions\/177"}],"wp:attachment":[{"href":"https:\/\/ontracrentacar.com\/es\/wp-json\/wp\/v2\/media?parent=19"}],"curies":[{"name":"wp","href":"https:\/\/api.w.org\/{rel}","templated":true}]}}